{"id":1338,"date":"2018-05-10T16:09:09","date_gmt":"2018-05-10T13:09:09","guid":{"rendered":"http:\/\/www.kalmarinkyla.net\/?page_id=1338"},"modified":"2020-07-06T17:57:21","modified_gmt":"2020-07-06T14:57:21","slug":"toimintakertomukset","status":"publish","type":"page","link":"https:\/\/www.kalmarinkyla.net\/?page_id=1338","title":{"rendered":"Toimintakertomukset"},"content":{"rendered":"<div id=\"fb-root\"><\/div>\n<p>Toimintakertomuksiin on koostettu vuoden tapahtumat. P\u00e4\u00e4set tutustumaan menneiden vuosien toimintakertomuksiin alla olevista linkeist\u00e4.<\/p>\n<p><img data-recalc-dims=\"1\" loading=\"lazy\" decoding=\"async\" data-attachment-id=\"1245\" data-permalink=\"https:\/\/www.kalmarinkyla.net\/?attachment_id=1245\" data-orig-file=\"https:\/\/i0.wp.com\/www.kalmarinkyla.net\/wp\/wp-content\/uploads\/2017-08-12_IMG_1675_wp.jpg?fit=1000%2C1500&amp;ssl=1\" data-orig-size=\"1000,1500\" data-comments-opened=\"1\" data-image-meta=\"{&quot;aperture&quot;:&quot;1.8&quot;,&quot;credit&quot;:&quot;Hanna Kuirinlahti&quot;,&quot;camera&quot;:&quot;Canon EOS 700D&quot;,&quot;caption&quot;:&quot;&quot;,&quot;created_timestamp&quot;:&quot;1502532732&quot;,&quot;copyright&quot;:&quot;hkuirinlahti.net\/idealaari&quot;,&quot;focal_length&quot;:&quot;50&quot;,&quot;iso&quot;:&quot;100&quot;,&quot;shutter_speed&quot;:&quot;0.0008&quot;,&quot;title&quot;:&quot;&quot;,&quot;orientation&quot;:&quot;1&quot;}\" data-image-title=\"2017-08-12_IMG_1675_wp\" data-image-description=\"\" data-image-caption=\"\" data-large-file=\"https:\/\/i0.wp.com\/www.kalmarinkyla.net\/wp\/wp-content\/uploads\/2017-08-12_IMG_1675_wp.jpg?fit=683%2C1024&amp;ssl=1\" class=\"alignright wp-image-1245\" src=\"https:\/\/i0.wp.com\/www.kalmarinkyla.net\/wp\/wp-content\/uploads\/2017-08-12_IMG_1675_wp-150x150.jpg?resize=301%2C301\" alt=\"\" width=\"301\" height=\"301\" srcset=\"https:\/\/i0.wp.com\/www.kalmarinkyla.net\/wp\/wp-content\/uploads\/2017-08-12_IMG_1675_wp.jpg?resize=150%2C150&amp;ssl=1 150w, https:\/\/i0.wp.com\/www.kalmarinkyla.net\/wp\/wp-content\/uploads\/2017-08-12_IMG_1675_wp.jpg?resize=230%2C230&amp;ssl=1 230w, https:\/\/i0.wp.com\/www.kalmarinkyla.net\/wp\/wp-content\/uploads\/2017-08-12_IMG_1675_wp.jpg?zoom=2&amp;resize=301%2C301&amp;ssl=1 602w, https:\/\/i0.wp.com\/www.kalmarinkyla.net\/wp\/wp-content\/uploads\/2017-08-12_IMG_1675_wp.jpg?zoom=3&amp;resize=301%2C301&amp;ssl=1 903w\" sizes=\"auto, (max-width: 301px) 100vw, 301px\" \/><\/p>\n<ul>\n<li><a href=\"http:\/\/www.kalmarinkyla.net\/wp\/wp-content\/uploads\/TOIMINTAKERTOMUS-2019.pdf\">Toimintakertomus 2019<\/a><\/li>\n<li><a href=\"http:\/\/www.kalmarinkyla.net\/wp\/wp-content\/uploads\/TOIMINTAKERTOMUS-2018.pdf\">Toimintakertomus 2018<\/a><\/li>\n<li><a href=\"http:\/\/www.kalmarinkyla.net\/wp\/wp-content\/uploads\/Toimintakertomus-2017-Kalmarin-Nahjus.pdf\" target=\"_blank\" rel=\"noopener noreferrer\">Toimintakertomus 2017<\/a><\/li>\n<li><a href=\"http:\/\/www.kalmarinkyla.net\/wp\/wp-content\/uploads\/TOIMINTAKERTOMUS-2016.pdf\" target=\"_blank\" rel=\"noopener noreferrer\">Toimintakertomus 2016<\/a><\/li>\n<li><a href=\"http:\/\/www.kalmarinkyla.net\/wp\/wp-content\/uploads\/TOIMINTAKERTOMUS-2015.pdf\" target=\"_blank\" rel=\"noopener noreferrer\">Toimintakertomus 2015<\/a><\/li>\n<li><a href=\"http:\/\/www.kalmarinkyla.net\/wp\/wp-content\/uploads\/TOIMINTAKERTOMUS-2014.pdf\" target=\"_blank\" rel=\"noopener noreferrer\">Toimintakertomus 2014<\/a><\/li>\n<li><a href=\"http:\/\/www.kalmarinkyla.net\/wp\/wp-content\/uploads\/TOIMINTAKERTOMUS-2013.pdf\" target=\"_blank\" rel=\"noopener noreferrer\">Toimintakertomus 2013<\/a><\/li>\n<li><a href=\"http:\/\/www.kalmarinkyla.net\/wp\/wp-content\/uploads\/TOIMINTAKERTOMUS-2012.pdf\" target=\"_blank\" rel=\"noopener noreferrer\">Toimintakertomus 2012<\/a><\/li>\n<\/ul>\n","protected":false},"excerpt":{"rendered":"<p>Toimintakertomuksiin on koostettu vuoden tapahtumat. P\u00e4\u00e4set tutustumaan menneiden vuosien toimintakertomuksiin alla olevista linkeist\u00e4. Toimintakertomus 2019 Toimintakertomus 2018 Toimintakertomus 2017 Toimintakertomus 2016 Toimintakertomus 2015 Toimintakertomus 2014 Toimintakertomus 2013 Toimintakertomus 2012<\/p>\n","protected":false},"author":3,"featured_media":0,"parent":29,"menu_order":0,"comment_status":"closed","ping_status":"closed","template":"","meta":{"jetpack_post_was_ever_published":false,"footnotes":""},"class_list":["post-1338","page","type-page","status-publish","hentry"],"jetpack_sharing_enabled":true,"jetpack_shortlink":"https:\/\/wp.me\/P8BHJU-lA","jetpack-related-posts":[],"_links":{"self":[{"href":"https:\/\/www.kalmarinkyla.net\/index.php?rest_route=\/wp\/v2\/pages\/1338","targetHints":{"allow":["GET"]}}],"collection":[{"href":"https:\/\/www.kalmarinkyla.net\/index.php?rest_route=\/wp\/v2\/pages"}],"about":[{"href":"https:\/\/www.kalmarinkyla.net\/index.php?rest_route=\/wp\/v2\/types\/page"}],"author":[{"embeddable":true,"href":"https:\/\/www.kalmarinkyla.net\/index.php?rest_route=\/wp\/v2\/users\/3"}],"replies":[{"embeddable":true,"href":"https:\/\/www.kalmarinkyla.net\/index.php?rest_route=%2Fwp%2Fv2%2Fcomments&post=1338"}],"version-history":[{"count":6,"href":"https:\/\/www.kalmarinkyla.net\/index.php?rest_route=\/wp\/v2\/pages\/1338\/revisions"}],"predecessor-version":[{"id":1500,"href":"https:\/\/www.kalmarinkyla.net\/index.php?rest_route=\/wp\/v2\/pages\/1338\/revisions\/1500"}],"up":[{"embeddable":true,"href":"https:\/\/www.kalmarinkyla.net\/index.php?rest_route=\/wp\/v2\/pages\/29"}],"wp:attachment":[{"href":"https:\/\/www.kalmarinkyla.net\/index.php?rest_route=%2Fwp%2Fv2%2Fmedia&parent=1338"}],"curies":[{"name":"wp","href":"https:\/\/api.w.org\/{rel}","templated":true}]}}