{"id":390,"date":"2017-03-14T15:16:35","date_gmt":"2017-03-14T13:16:35","guid":{"rendered":"http:\/\/www.kalmarinkyla.net\/wp\/?page_id=390"},"modified":"2025-11-24T11:49:51","modified_gmt":"2025-11-24T09:49:51","slug":"nahjuksen-kylatalo","status":"publish","type":"page","link":"https:\/\/www.kalmarinkyla.net\/?page_id=390","title":{"rendered":"Nahjuksen kyl\u00e4talo"},"content":{"rendered":"<div id=\"fb-root\"><\/div>\n<p><img data-recalc-dims=\"1\" loading=\"lazy\" decoding=\"async\" data-attachment-id=\"1261\" data-permalink=\"https:\/\/www.kalmarinkyla.net\/?attachment_id=1261\" data-orig-file=\"https:\/\/i0.wp.com\/www.kalmarinkyla.net\/wp\/wp-content\/uploads\/Talo2017_2.jpg?fit=1222%2C687&amp;ssl=1\" data-orig-size=\"1222,687\" data-comments-opened=\"1\" data-image-meta=\"{&quot;aperture&quot;:&quot;0&quot;,&quot;credit&quot;:&quot;&quot;,&quot;camera&quot;:&quot;&quot;,&quot;caption&quot;:&quot;&quot;,&quot;created_timestamp&quot;:&quot;1504429044&quot;,&quot;copyright&quot;:&quot;&quot;,&quot;focal_length&quot;:&quot;0&quot;,&quot;iso&quot;:&quot;0&quot;,&quot;shutter_speed&quot;:&quot;0&quot;,&quot;title&quot;:&quot;&quot;,&quot;orientation&quot;:&quot;1&quot;}\" data-image-title=\"Talo2017_2\" data-image-description=\"\" data-image-caption=\"\" data-large-file=\"https:\/\/i0.wp.com\/www.kalmarinkyla.net\/wp\/wp-content\/uploads\/Talo2017_2.jpg?fit=700%2C394&amp;ssl=1\" class=\"alignleft size-full wp-image-1261\" src=\"https:\/\/i0.wp.com\/www.kalmarinkyla.net\/wp\/wp-content\/uploads\/Talo2017_2.jpg?resize=700%2C394\" alt=\"\" width=\"700\" height=\"394\" srcset=\"https:\/\/i0.wp.com\/www.kalmarinkyla.net\/wp\/wp-content\/uploads\/Talo2017_2.jpg?w=1222&amp;ssl=1 1222w, https:\/\/i0.wp.com\/www.kalmarinkyla.net\/wp\/wp-content\/uploads\/Talo2017_2.jpg?resize=300%2C169&amp;ssl=1 300w, https:\/\/i0.wp.com\/www.kalmarinkyla.net\/wp\/wp-content\/uploads\/Talo2017_2.jpg?resize=768%2C432&amp;ssl=1 768w, https:\/\/i0.wp.com\/www.kalmarinkyla.net\/wp\/wp-content\/uploads\/Talo2017_2.jpg?resize=1024%2C576&amp;ssl=1 1024w\" sizes=\"auto, (max-width: 700px) 100vw, 700px\" \/>Ymp\u00e4rivuotisessa k\u00e4yt\u00f6ss\u00e4 oleva, hyvin varusteltu ja tilava Nahjus-talo tarjoaa upeat puitteet juhlien ja tilaisuuksien j\u00e4rjest\u00e4miseen. Nahjuksen kyl\u00e4talo sijaitsee Kalmarin kyl\u00e4n keskustassa, osoitteessa Nahjuksenraitti 12, 43270 Kalmari. Voit vuokrata koko talon tai erikseen kahvion tai juhlasalin\/liikuntasalin. Vuosien varrella talossa on juhlittu h\u00e4it\u00e4, hautajaisia ja syntym\u00e4p\u00e4ivi\u00e4. Tilat sopivat hyvin kokouksien j\u00e4rjest\u00e4miseen ja toimintap\u00e4iviin. Lis\u00e4tietoja ja varaukset Airi Eerola p. 040 837 8185 ja kalmarinnahjus(\u00e4t)gmail.com.<\/p>\n<p><strong>Talo on remontoitu kokonaan vuosien 2008-2009 aikana.<\/strong><\/p>\n<h5>Asiakaspaikkoja:<\/h5>\n<ul>\n<li>Yhteens\u00e4 noin 130 henke\u00e4<\/li>\n<li>Iso juhlasali noin 100 henke\u00e4,<\/li>\n<li>Kahvilasali noin 30 henke\u00e4<\/li>\n<\/ul>\n<p>Kyl\u00e4talossa on hyv\u00e4 perus keitti\u00f6 ja astiasto noin 100 hengelle.<\/p>\n<p>Sauna- ja suihkutilat alakerrassa: S\u00e4hk\u00f6sauna, 2 suihkua<\/p>\n<p>My\u00f6s lastenhoitotila ja inva wc, yl\u00e4kerrassa naisten ja miesten wc-tilat.<\/p>\n<h5><\/h5>\n<h5>Muita tietoja:<\/h5>\n<p>\u00c4\u00e4nentoisto: mm. vuonna 2019 uusitut mikrofoni ja kaiuttimet, vahvistin<\/p>\n<p>N\u00e4ytt\u00e4m\u00f6, koko noin 30 m2. Piano ja s\u00e4hk\u00f6piano, juhlasalissa suuri valkokangas.<\/p>\n<p>Ilmal\u00e4mp\u00f6pumput (2 kpl, viilennystoiminnolla) ja himmennett\u00e4v\u00e4t valot juhlasalissa<br \/>\nSuuri piha-alue: peli,-, leikki-, lentopallo- ja tenniskent\u00e4t, frisbeegolf-rata<\/p>\n<p>Ulkokioski\/grilli vuokrattavissa erikseen<\/p>\n<p><a href=\"http:\/\/www.kalmarinkyla.net\/?page_id=1265\" target=\"_blank\" rel=\"noopener noreferrer\">Juhlateltta<\/a> vuokrattavissa erikseen (koko 3x6metri\u00e4).<\/p>\n<p>Majoitusta esimerkiksi h\u00e4\u00e4juhlien ajaksi voi tiedustella viereisest\u00e4 <a href=\"http:\/\/www.kalmarinkyla.net\/wp\/wp-content\/uploads\/LOMAKESKUS-RAUHALA.pdf\" target=\"_blank\" rel=\"noopener noreferrer\">Lomakeskus Rauhalasta<\/a>: Reijo Ojennus 0400 984 238 paakari@jippii.fi<\/p>\n<h5><\/h5>\n<h5>Nahjuksen varaaminen<\/h5>\n<p><a href=\"http:\/\/www.kalmarinkyla.net\/?page_id=526\" target=\"_blank\" rel=\"noopener noreferrer\">Nahjuksen kyl\u00e4talon varauskalenteri<\/a><\/p>\n<p>Varaukset ja tiedustelut Airi Eerola 040-837 8185 tai s\u00e4hk\u00f6postilla kalmarinnahjus(\u00e4t)gmail.com (korvaa (\u00e4t) @-merkill\u00e4).<\/p>\n<div id=\"attachment_1194\" style=\"width: 310px\" class=\"wp-caption alignleft\"><a href=\"https:\/\/i0.wp.com\/www.kalmarinkyla.net\/wp\/wp-content\/uploads\/2017-c-Mikko-Suutala1.jpg\" target=\"_blank\" rel=\"noopener noreferrer\"><img data-recalc-dims=\"1\" loading=\"lazy\" decoding=\"async\" aria-describedby=\"caption-attachment-1194\" data-attachment-id=\"1194\" data-permalink=\"https:\/\/www.kalmarinkyla.net\/?attachment_id=1194\" data-orig-file=\"https:\/\/i0.wp.com\/www.kalmarinkyla.net\/wp\/wp-content\/uploads\/2017-c-Mikko-Suutala1.jpg?fit=2000%2C1335&amp;ssl=1\" data-orig-size=\"2000,1335\" data-comments-opened=\"1\" data-image-meta=\"{&quot;aperture&quot;:&quot;2.8&quot;,&quot;credit&quot;:&quot;&quot;,&quot;camera&quot;:&quot;NIKON D750&quot;,&quot;caption&quot;:&quot;&quot;,&quot;created_timestamp&quot;:&quot;1498909892&quot;,&quot;copyright&quot;:&quot;Valokuvaaja Minna Ikonen&quot;,&quot;focal_length&quot;:&quot;24&quot;,&quot;iso&quot;:&quot;400&quot;,&quot;shutter_speed&quot;:&quot;0.00625&quot;,&quot;title&quot;:&quot;&quot;,&quot;orientation&quot;:&quot;0&quot;}\" data-image-title=\"Kuva: Mikko Suutala\" data-image-description=\"\" data-image-caption=\"&lt;p&gt;Kuva: Mikko Suutala&lt;\/p&gt;\n\" data-large-file=\"https:\/\/i0.wp.com\/www.kalmarinkyla.net\/wp\/wp-content\/uploads\/2017-c-Mikko-Suutala1.jpg?fit=700%2C468&amp;ssl=1\" class=\"wp-image-1194 size-medium\" src=\"https:\/\/i0.wp.com\/www.kalmarinkyla.net\/wp\/wp-content\/uploads\/2017-c-Mikko-Suutala1-300x200.jpg?resize=300%2C200\" alt=\"\" width=\"300\" height=\"200\" srcset=\"https:\/\/i0.wp.com\/www.kalmarinkyla.net\/wp\/wp-content\/uploads\/2017-c-Mikko-Suutala1.jpg?resize=300%2C200&amp;ssl=1 300w, https:\/\/i0.wp.com\/www.kalmarinkyla.net\/wp\/wp-content\/uploads\/2017-c-Mikko-Suutala1.jpg?resize=768%2C513&amp;ssl=1 768w, https:\/\/i0.wp.com\/www.kalmarinkyla.net\/wp\/wp-content\/uploads\/2017-c-Mikko-Suutala1.jpg?resize=1024%2C684&amp;ssl=1 1024w, https:\/\/i0.wp.com\/www.kalmarinkyla.net\/wp\/wp-content\/uploads\/2017-c-Mikko-Suutala1.jpg?w=2000&amp;ssl=1 2000w, https:\/\/i0.wp.com\/www.kalmarinkyla.net\/wp\/wp-content\/uploads\/2017-c-Mikko-Suutala1.jpg?w=1400&amp;ssl=1 1400w\" sizes=\"auto, (max-width: 300px) 100vw, 300px\" \/><\/a><p id=\"caption-attachment-1194\" class=\"wp-caption-text\">Kuva: Mikko Suutala<\/p><\/div>\n<div id=\"attachment_1195\" style=\"width: 310px\" class=\"wp-caption alignleft\"><a href=\"https:\/\/i0.wp.com\/www.kalmarinkyla.net\/wp\/wp-content\/uploads\/2017-c-Mikko-Suutala2.jpg\"><img data-recalc-dims=\"1\" loading=\"lazy\" decoding=\"async\" aria-describedby=\"caption-attachment-1195\" data-attachment-id=\"1195\" data-permalink=\"https:\/\/www.kalmarinkyla.net\/?attachment_id=1195\" data-orig-file=\"https:\/\/i0.wp.com\/www.kalmarinkyla.net\/wp\/wp-content\/uploads\/2017-c-Mikko-Suutala2.jpg?fit=2000%2C1335&amp;ssl=1\" data-orig-size=\"2000,1335\" data-comments-opened=\"1\" data-image-meta=\"{&quot;aperture&quot;:&quot;2.8&quot;,&quot;credit&quot;:&quot;&quot;,&quot;camera&quot;:&quot;NIKON D750&quot;,&quot;caption&quot;:&quot;&quot;,&quot;created_timestamp&quot;:&quot;1498910184&quot;,&quot;copyright&quot;:&quot;Valokuvaaja Minna Ikonen&quot;,&quot;focal_length&quot;:&quot;24&quot;,&quot;iso&quot;:&quot;400&quot;,&quot;shutter_speed&quot;:&quot;0.00625&quot;,&quot;title&quot;:&quot;&quot;,&quot;orientation&quot;:&quot;0&quot;}\" data-image-title=\"Kuva: Mikko Suutala\" data-image-description=\"\" data-image-caption=\"&lt;p&gt;Kuva: Mikko Suutala&lt;\/p&gt;\n\" data-large-file=\"https:\/\/i0.wp.com\/www.kalmarinkyla.net\/wp\/wp-content\/uploads\/2017-c-Mikko-Suutala2.jpg?fit=700%2C468&amp;ssl=1\" class=\"wp-image-1195 size-medium\" src=\"https:\/\/i0.wp.com\/www.kalmarinkyla.net\/wp\/wp-content\/uploads\/2017-c-Mikko-Suutala2-300x200.jpg?resize=300%2C200\" alt=\"\" width=\"300\" height=\"200\" srcset=\"https:\/\/i0.wp.com\/www.kalmarinkyla.net\/wp\/wp-content\/uploads\/2017-c-Mikko-Suutala2.jpg?resize=300%2C200&amp;ssl=1 300w, https:\/\/i0.wp.com\/www.kalmarinkyla.net\/wp\/wp-content\/uploads\/2017-c-Mikko-Suutala2.jpg?resize=768%2C513&amp;ssl=1 768w, https:\/\/i0.wp.com\/www.kalmarinkyla.net\/wp\/wp-content\/uploads\/2017-c-Mikko-Suutala2.jpg?resize=1024%2C684&amp;ssl=1 1024w, https:\/\/i0.wp.com\/www.kalmarinkyla.net\/wp\/wp-content\/uploads\/2017-c-Mikko-Suutala2.jpg?w=2000&amp;ssl=1 2000w, https:\/\/i0.wp.com\/www.kalmarinkyla.net\/wp\/wp-content\/uploads\/2017-c-Mikko-Suutala2.jpg?w=1400&amp;ssl=1 1400w\" sizes=\"auto, (max-width: 300px) 100vw, 300px\" \/><\/a><p id=\"caption-attachment-1195\" class=\"wp-caption-text\">Kuva: Mikko Suutala<\/p><\/div>\n<div id=\"attachment_1196\" style=\"width: 310px\" class=\"wp-caption alignleft\"><a href=\"https:\/\/i0.wp.com\/www.kalmarinkyla.net\/wp\/wp-content\/uploads\/2017-c-Mikko-Suutala4.jpg\"><img data-recalc-dims=\"1\" loading=\"lazy\" decoding=\"async\" aria-describedby=\"caption-attachment-1196\" data-attachment-id=\"1196\" data-permalink=\"https:\/\/www.kalmarinkyla.net\/?attachment_id=1196\" data-orig-file=\"https:\/\/i0.wp.com\/www.kalmarinkyla.net\/wp\/wp-content\/uploads\/2017-c-Mikko-Suutala4.jpg?fit=2000%2C1335&amp;ssl=1\" data-orig-size=\"2000,1335\" data-comments-opened=\"1\" data-image-meta=\"{&quot;aperture&quot;:&quot;2.8&quot;,&quot;credit&quot;:&quot;&quot;,&quot;camera&quot;:&quot;NIKON D750&quot;,&quot;caption&quot;:&quot;&quot;,&quot;created_timestamp&quot;:&quot;1498910040&quot;,&quot;copyright&quot;:&quot;Valokuvaaja Minna Ikonen&quot;,&quot;focal_length&quot;:&quot;24&quot;,&quot;iso&quot;:&quot;400&quot;,&quot;shutter_speed&quot;:&quot;0.00625&quot;,&quot;title&quot;:&quot;&quot;,&quot;orientation&quot;:&quot;0&quot;}\" data-image-title=\"Kuva: Mikko Suutala\" data-image-description=\"\" data-image-caption=\"&lt;p&gt;Kuva: Mikko Suutala&lt;\/p&gt;\n\" data-large-file=\"https:\/\/i0.wp.com\/www.kalmarinkyla.net\/wp\/wp-content\/uploads\/2017-c-Mikko-Suutala4.jpg?fit=700%2C468&amp;ssl=1\" class=\"wp-image-1196 size-medium\" src=\"https:\/\/i0.wp.com\/www.kalmarinkyla.net\/wp\/wp-content\/uploads\/2017-c-Mikko-Suutala4-300x200.jpg?resize=300%2C200\" alt=\"\" width=\"300\" height=\"200\" srcset=\"https:\/\/i0.wp.com\/www.kalmarinkyla.net\/wp\/wp-content\/uploads\/2017-c-Mikko-Suutala4.jpg?resize=300%2C200&amp;ssl=1 300w, https:\/\/i0.wp.com\/www.kalmarinkyla.net\/wp\/wp-content\/uploads\/2017-c-Mikko-Suutala4.jpg?resize=768%2C513&amp;ssl=1 768w, https:\/\/i0.wp.com\/www.kalmarinkyla.net\/wp\/wp-content\/uploads\/2017-c-Mikko-Suutala4.jpg?resize=1024%2C684&amp;ssl=1 1024w, https:\/\/i0.wp.com\/www.kalmarinkyla.net\/wp\/wp-content\/uploads\/2017-c-Mikko-Suutala4.jpg?w=2000&amp;ssl=1 2000w, https:\/\/i0.wp.com\/www.kalmarinkyla.net\/wp\/wp-content\/uploads\/2017-c-Mikko-Suutala4.jpg?w=1400&amp;ssl=1 1400w\" sizes=\"auto, (max-width: 300px) 100vw, 300px\" \/><\/a><p id=\"caption-attachment-1196\" class=\"wp-caption-text\">Kuva: Mikko Suutala<\/p><\/div>\n<div id=\"attachment_1197\" style=\"width: 310px\" class=\"wp-caption alignleft\"><a href=\"https:\/\/i0.wp.com\/www.kalmarinkyla.net\/wp\/wp-content\/uploads\/2017-c-Mikko-Suutala8.jpg\"><img data-recalc-dims=\"1\" loading=\"lazy\" decoding=\"async\" aria-describedby=\"caption-attachment-1197\" data-attachment-id=\"1197\" data-permalink=\"https:\/\/www.kalmarinkyla.net\/?attachment_id=1197\" data-orig-file=\"https:\/\/i0.wp.com\/www.kalmarinkyla.net\/wp\/wp-content\/uploads\/2017-c-Mikko-Suutala8.jpg?fit=2000%2C1335&amp;ssl=1\" data-orig-size=\"2000,1335\" data-comments-opened=\"1\" data-image-meta=\"{&quot;aperture&quot;:&quot;2.8&quot;,&quot;credit&quot;:&quot;&quot;,&quot;camera&quot;:&quot;NIKON D750&quot;,&quot;caption&quot;:&quot;&quot;,&quot;created_timestamp&quot;:&quot;1498912881&quot;,&quot;copyright&quot;:&quot;Valokuvaaja Minna Ikonen&quot;,&quot;focal_length&quot;:&quot;31&quot;,&quot;iso&quot;:&quot;400&quot;,&quot;shutter_speed&quot;:&quot;0.00625&quot;,&quot;title&quot;:&quot;&quot;,&quot;orientation&quot;:&quot;0&quot;}\" data-image-title=\"Kuva: Mikko Suutala\" data-image-description=\"\" data-image-caption=\"&lt;p&gt;Kuva: Mikko Suutala&lt;\/p&gt;\n\" data-large-file=\"https:\/\/i0.wp.com\/www.kalmarinkyla.net\/wp\/wp-content\/uploads\/2017-c-Mikko-Suutala8.jpg?fit=700%2C468&amp;ssl=1\" class=\"wp-image-1197 size-medium\" src=\"https:\/\/i0.wp.com\/www.kalmarinkyla.net\/wp\/wp-content\/uploads\/2017-c-Mikko-Suutala8-300x200.jpg?resize=300%2C200\" alt=\"\" width=\"300\" height=\"200\" srcset=\"https:\/\/i0.wp.com\/www.kalmarinkyla.net\/wp\/wp-content\/uploads\/2017-c-Mikko-Suutala8.jpg?resize=300%2C200&amp;ssl=1 300w, https:\/\/i0.wp.com\/www.kalmarinkyla.net\/wp\/wp-content\/uploads\/2017-c-Mikko-Suutala8.jpg?resize=768%2C513&amp;ssl=1 768w, https:\/\/i0.wp.com\/www.kalmarinkyla.net\/wp\/wp-content\/uploads\/2017-c-Mikko-Suutala8.jpg?resize=1024%2C684&amp;ssl=1 1024w, https:\/\/i0.wp.com\/www.kalmarinkyla.net\/wp\/wp-content\/uploads\/2017-c-Mikko-Suutala8.jpg?w=2000&amp;ssl=1 2000w, https:\/\/i0.wp.com\/www.kalmarinkyla.net\/wp\/wp-content\/uploads\/2017-c-Mikko-Suutala8.jpg?w=1400&amp;ssl=1 1400w\" sizes=\"auto, (max-width: 300px) 100vw, 300px\" \/><\/a><p id=\"caption-attachment-1197\" class=\"wp-caption-text\">Kuva: Mikko Suutala<\/p><\/div>\n<p><span style=\"border-radius: 2px; text-indent: 20px; width: auto; padding: 0px 4px 0px 0px; text-align: center; font: bold 11px\/20px 'Helvetica Neue',Helvetica,sans-serif; color: #ffffff; background: #bd081c no-repeat scroll 3px 50% \/ 14px 14px; position: absolute; opacity: 1; z-index: 8675309; display: none; cursor: pointer; top: 639px; left: 268px;\">Tallenna<\/span><\/p>\n<p><span style=\"border-radius: 2px; text-indent: 20px; width: auto; padding: 0px 4px 0px 0px; text-align: center; font: bold 11px\/20px 'Helvetica Neue',Helvetica,sans-serif; color: #ffffff; background: #bd081c no-repeat scroll 3px 50% \/ 14px 14px; position: absolute; opacity: 1; z-index: 8675309; display: none; cursor: pointer;\">Tallenna<\/span><\/p>\n<p><span style=\"border-radius: 2px; text-indent: 20px; width: auto; padding: 0px 4px 0px 0px; text-align: center; font: bold 11px\/20px 'Helvetica Neue',Helvetica,sans-serif; color: #ffffff; background: #bd081c no-repeat scroll 3px 50% \/ 14px 14px; position: absolute; opacity: 1; z-index: 8675309; display: none; cursor: pointer;\">Tallenna<\/span><\/p>\n<p><span style=\"border-radius: 2px; text-indent: 20px; width: auto; padding: 0px 4px 0px 0px; text-align: center; font: bold 11px\/20px 'Helvetica Neue',Helvetica,sans-serif; color: #ffffff; background: #bd081c no-repeat scroll 3px 50% \/ 14px 14px; position: absolute; opacity: 1; z-index: 8675309; display: none; cursor: pointer;\">Tallenna<\/span><\/p>\n<p><span style=\"border-radius: 2px; text-indent: 20px; width: auto; padding: 0px 4px 0px 0px; text-align: center; font: bold 11px\/20px 'Helvetica Neue',Helvetica,sans-serif; color: #ffffff; background: #bd081c no-repeat scroll 3px 50% \/ 14px 14px; position: absolute; opacity: 1; z-index: 8675309; display: none; cursor: pointer;\">Tallenna<\/span><\/p>\n<p><span style=\"border-radius: 2px; text-indent: 20px; width: auto; padding: 0px 4px 0px 0px; text-align: center; font: bold 11px\/20px 'Helvetica Neue',Helvetica,sans-serif; color: #ffffff; background: #bd081c no-repeat scroll 3px 50% \/ 14px 14px; position: absolute; opacity: 1; z-index: 8675309; display: none; cursor: pointer; top: 1115px; left: 268px;\">Tallenna<\/span><\/p>\n<p><span style=\"border-radius: 2px; text-indent: 20px; width: auto; padding: 0px 4px 0px 0px; text-align: center; font: bold 11px\/20px 'Helvetica Neue',Helvetica,sans-serif; color: #ffffff; background: #bd081c no-repeat scroll 3px 50% \/ 14px 14px; position: absolute; opacity: 1; z-index: 8675309; display: none; cursor: pointer;\">Tallenna<\/span><\/p>\n<p><span style=\"border-radius: 2px; text-indent: 20px; width: auto; padding: 0px 4px 0px 0px; text-align: center; font: bold 11px\/20px 'Helvetica Neue',Helvetica,sans-serif; color: #ffffff; background: #bd081c no-repeat scroll 3px 50% \/ 14px 14px; position: absolute; opacity: 1; z-index: 8675309; display: none; cursor: pointer;\">Tallenna<\/span><\/p>\n<p><span style=\"border-radius: 2px; text-indent: 20px; width: auto; padding: 0px 4px 0px 0px; text-align: center; font: bold 11px\/20px 'Helvetica Neue',Helvetica,sans-serif; color: #ffffff; background: #bd081c no-repeat scroll 3px 50% \/ 14px 14px; position: absolute; opacity: 1; z-index: 8675309; display: none; cursor: pointer; top: 1115px; left: 268px;\">Tallenna<\/span><\/p>\n<p><span style=\"border-radius: 2px; text-indent: 20px; width: auto; padding: 0px 4px 0px 0px; text-align: center; font: bold 11px\/20px 'Helvetica Neue',Helvetica,sans-serif; color: #ffffff; background: #bd081c no-repeat scroll 3px 50% \/ 14px 14px; position: absolute; opacity: 1; z-index: 8675309; display: none; cursor: pointer;\">Tallenna<\/span><\/p>\n<p><span style=\"border-radius: 2px; text-indent: 20px; width: auto; padding: 0px 4px 0px 0px; text-align: center; font: bold 11px\/20px 'Helvetica Neue',Helvetica,sans-serif; color: #ffffff; background: #bd081c no-repeat scroll 3px 50% \/ 14px 14px; position: absolute; opacity: 1; z-index: 8675309; display: none; cursor: pointer; top: 1115px; left: 268px;\">Tallenna<\/span><\/p>\n<p><span style=\"border-radius: 2px; text-indent: 20px; width: auto; padding: 0px 4px 0px 0px; text-align: center; font: bold 11px\/20px 'Helvetica Neue',Helvetica,sans-serif; color: #ffffff; background: #bd081c no-repeat scroll 3px 50% \/ 14px 14px; position: absolute; opacity: 1; z-index: 8675309; display: none; cursor: pointer;\">Tallenna<\/span><\/p>\n<p><span style=\"border-radius: 2px; text-indent: 20px; width: auto; padding: 0px 4px 0px 0px; text-align: center; font: bold 11px\/20px 'Helvetica Neue',Helvetica,sans-serif; color: #ffffff; background: #bd081c no-repeat scroll 3px 50% \/ 14px 14px; position: absolute; opacity: 1; z-index: 8675309; display: none; cursor: pointer;\">Tallenna<\/span><\/p>\n","protected":false},"excerpt":{"rendered":"<p>Vuokraa Nahjuksen kyl\u00e4talo k\u00e4ytt\u00f6\u00f6si!<\/p>\n","protected":false},"author":1,"featured_media":1195,"parent":0,"menu_order":0,"comment_status":"closed","ping_status":"closed","template":"","meta":{"jetpack_post_was_ever_published":false,"footnotes":""},"class_list":["post-390","page","type-page","status-publish","has-post-thumbnail","hentry"],"jetpack_sharing_enabled":true,"jetpack_shortlink":"https:\/\/wp.me\/P8BHJU-6i","jetpack-related-posts":[],"_links":{"self":[{"href":"https:\/\/www.kalmarinkyla.net\/index.php?rest_route=\/wp\/v2\/pages\/390","targetHints":{"allow":["GET"]}}],"collection":[{"href":"https:\/\/www.kalmarinkyla.net\/index.php?rest_route=\/wp\/v2\/pages"}],"about":[{"href":"https:\/\/www.kalmarinkyla.net\/index.php?rest_route=\/wp\/v2\/types\/page"}],"author":[{"embeddable":true,"href":"https:\/\/www.kalmarinkyla.net\/index.php?rest_route=\/wp\/v2\/users\/1"}],"replies":[{"embeddable":true,"href":"https:\/\/www.kalmarinkyla.net\/index.php?rest_route=%2Fwp%2Fv2%2Fcomments&post=390"}],"version-history":[{"count":39,"href":"https:\/\/www.kalmarinkyla.net\/index.php?rest_route=\/wp\/v2\/pages\/390\/revisions"}],"predecessor-version":[{"id":1870,"href":"https:\/\/www.kalmarinkyla.net\/index.php?rest_route=\/wp\/v2\/pages\/390\/revisions\/1870"}],"wp:featuredmedia":[{"embeddable":true,"href":"https:\/\/www.kalmarinkyla.net\/index.php?rest_route=\/wp\/v2\/media\/1195"}],"wp:attachment":[{"href":"https:\/\/www.kalmarinkyla.net\/index.php?rest_route=%2Fwp%2Fv2%2Fmedia&parent=390"}],"curies":[{"name":"wp","href":"https:\/\/api.w.org\/{rel}","templated":true}]}}