{"id":398,"date":"2017-03-14T15:22:48","date_gmt":"2017-03-14T13:22:48","guid":{"rendered":"http:\/\/www.kalmarinkyla.net\/wp\/?page_id=398"},"modified":"2022-04-03T09:23:42","modified_gmt":"2022-04-03T06:23:42","slug":"palvelut","status":"publish","type":"page","link":"https:\/\/www.kalmarinkyla.net\/?page_id=398","title":{"rendered":"Palvelut ja asuminen"},"content":{"rendered":"<div id=\"fb-root\"><\/div>\n<h2>Kalmarin kyl\u00e4n muut palvelut<\/h2>\n<p>Oman kyl\u00e4n palvelutarjonta on runsas ja monitahoinen. Ota rohkeasti yhteytt\u00e4 alla oleviin yrityksiin, kun apu on tarpeen.<\/p>\n<table id=\"yhteys\">\n<tbody>\n<tr>\n<th>Yritys<\/th>\n<th>Toimiala<\/th>\n<th>Puhelinnumero, osoite, email, kotisivu<\/th>\n<\/tr>\n<tr>\n<td>Ari Koskinen<\/td>\n<td>Kuorma-autoilija, hiekkaa<\/td>\n<td>050-596 9942<\/td>\n<\/tr>\n<tr>\n<td>Ari Sironen<\/td>\n<td>Puutavaranajoa<\/td>\n<td>040-527 6971<\/td>\n<\/tr>\n<tr>\n<td>Arto Autio<\/td>\n<td>M\u00f6kkien vuokraus<\/td>\n<td>040-729 7768<\/td>\n<\/tr>\n<tr>\n<td>Autokorjaamo, myynti Jukka Tunturi<\/td>\n<td>Korjaamo<\/td>\n<td>0400-409 739, Myllypohjantie 47<\/td>\n<\/tr>\n<tr>\n<td>Erja ja Jukka Iso-Ahola<\/td>\n<td>M\u00f6kkien vuokraus, Sammallahden m\u00f6kit<\/td>\n<td>0400-967 731, <a href=\"http:\/\/www.sammallahdenmokit.fi\/\">kotisivu<\/a><\/td>\n<\/tr>\n<tr>\n<td>Heikki Hiironen<\/td>\n<td>Koneurakointi<\/td>\n<td>0400-319 404<\/td>\n<\/tr>\n<tr>\n<td>Heikki Koskinen<\/td>\n<td>Traktoriurakointi, hiekkaa<\/td>\n<td>0400-242 751<\/td>\n<\/tr>\n<tr>\n<td>Ismo Piesanen<\/td>\n<td>Muurari<\/td>\n<td>040-523 5119<\/td>\n<\/tr>\n<tr>\n<td>J. Reenil\u00e4 Oy<\/td>\n<td>Salaattikastikkeet<\/td>\n<td>014-437 606<\/td>\n<\/tr>\n<tr>\n<td>Jari Ikonen<\/td>\n<td>Puutavaranajoa<\/td>\n<td>050-3228 773<\/td>\n<\/tr>\n<tr>\n<td><\/td>\n<td><\/td>\n<td><\/td>\n<\/tr>\n<tr>\n<td>Jorma J\u00e4rvinen<\/td>\n<td>Sirkkelisahaus, puutavaraa<\/td>\n<td>0400-802 706<\/td>\n<\/tr>\n<tr>\n<td>Jarmo Iso-Ahola<\/td>\n<td>Julkinen kaupanvahvistaja<\/td>\n<td>040-7581970,<\/p>\n<p><a href=\"mailto:jarmo.isoahola@kotinet.com\" target=\"_blank\" rel=\"noopener noreferrer\"><span id=\"0.06244444278535566\" class=\"highlight\">jarmo<\/span>.isoahola@kotinet.com<\/a><\/td>\n<\/tr>\n<tr>\n<td>Kalmarin Maatalousnaiset<\/td>\n<td>Kahvinkeittimen, pirtojen ja kangaspuiden vuokraus<\/td>\n<td>040-7512419<\/td>\n<\/tr>\n<tr>\n<td><\/td>\n<td><\/td>\n<td><\/td>\n<\/tr>\n<tr>\n<td><\/td>\n<td><\/td>\n<td><\/td>\n<\/tr>\n<tr>\n<td>Kalmarin Vanhaintuki ry<\/td>\n<td>Vanhustentalo\/asuntojen vuokraus<\/td>\n<td>050-306 2156, Kalmarintie 111<\/td>\n<\/tr>\n<tr>\n<td>Kalmarin-Heijostenm\u00e4en osakaskunta<\/td>\n<td>Koskikalastus Heijostenkoskessa, Kalmukoskessa ja Tuhmakoskessa, Selk\u00e4saaren m\u00f6kin vuokraus<\/td>\n<td>050-386 4208, <a href=\"http:\/\/www.heijostenkosket.suntuubi.com\/\">kotisivu<\/a><\/td>\n<\/tr>\n<tr>\n<td>Kari Hiekkavirta<\/td>\n<td>Maalausta<\/td>\n<td>0400-723 956<\/td>\n<\/tr>\n<tr>\n<td>Kirsti Hetem\u00e4ki-Gunsberg<\/td>\n<td>M\u00f6kkien \/ majoitustilojen vuokraus<\/td>\n<td>040-703 0519, <a href=\"http:\/\/www.lamminkangas.fi\/\">kotisivu<\/a><\/td>\n<\/tr>\n<tr>\n<td>Korjaamo Arto Kallio<\/td>\n<td>Korjaamo<\/td>\n<td>040-768 0902<\/td>\n<\/tr>\n<tr>\n<td>Kyl\u00e4seura Kalmarin Nahjus ry<\/td>\n<td>Urheiluseura, juhlatiloja vuokrattavana<\/td>\n<td>040-521 3362, Nahjuksenraitti 12, <a href=\"http:\/\/www.kalmarinkyla.net\/nahjus.php\">kotisivu<\/a><\/td>\n<\/tr>\n<tr>\n<td>Lea Ruuska<\/td>\n<td>Keramiikkaty\u00f6t, k\u00e4den taidot<\/td>\n<td>050-351 0395<\/td>\n<\/tr>\n<tr>\n<td>Lemmikkihotelli Karvakorvat<\/td>\n<td>Lemmikkihotelli<\/td>\n<td><a href=\"https:\/\/www.lemmikkihotellikarvakorvat.fi\/\">www.lemmikkihotellikarvakorvat.fi<\/a><\/td>\n<\/tr>\n<tr>\n<td>Loma- ja Kurssikeskus Rauhala<\/td>\n<td>Virkistys- ja lomatoiminta<\/td>\n<td>040-549 7457 (Reijo Ojennus), Saprantie 6<\/td>\n<\/tr>\n<tr>\n<td>LVI-palvelu Markku Sironen<\/td>\n<td>LVI-palvelut<\/td>\n<td>0400-547 027<\/td>\n<\/tr>\n<tr>\n<td>L\u00e4nsi-Kalmarin mets\u00e4yhteisty\u00f6alue pj. Toni Haapakoski<\/td>\n<td>Mets\u00e4talouspalvelut<\/td>\n<td>040-521 8019, toni.haapakoski(at)pp2.inet.fi<\/td>\n<\/tr>\n<tr>\n<td>L\u00e4nsi-Kalmarin Vesiosuuskunta<\/td>\n<td>Timo Pekkanen<\/td>\n<td>0400-173 895<\/td>\n<\/tr>\n<tr>\n<td>Maa-Kalmari Oy<\/td>\n<td>Etula-kiinteist\u00f6ss\u00e4 toimitilojen vuokraus<\/td>\n<td>040-543 1726, Kalmarintie 175<\/td>\n<\/tr>\n<tr>\n<td><\/td>\n<td><\/td>\n<td><\/td>\n<\/tr>\n<tr>\n<td><\/td>\n<td><\/td>\n<td><\/td>\n<\/tr>\n<tr>\n<td>Mauri L\u00f6nnblad<\/td>\n<td>Kirvesmies, rakennusmies<\/td>\n<td>0400-766 811<\/td>\n<\/tr>\n<tr>\n<td>Mets\u00e4koneurakointi Jarkko Honkonen<\/td>\n<td>Mets\u00e4koneurakointi<\/td>\n<td>040-741 6506<\/td>\n<\/tr>\n<tr>\n<td>Pauli M\u00e4ki-Kuitula<\/td>\n<td>Hieroja, urheiluhieroja<\/td>\n<td>040-824 4488, Nahjuksenraitti 12 (Nahjuksen kyl\u00e4talo)<\/td>\n<\/tr>\n<tr>\n<td>Pentti J\u00e4rvinen<\/td>\n<td>Koneurakoitsija, puutavaranajoa<\/td>\n<td>0400-357 998<\/td>\n<\/tr>\n<tr>\n<td><\/td>\n<td><\/td>\n<td><\/td>\n<\/tr>\n<tr>\n<td>Purom\u00e4en Sora<\/td>\n<td>Hiekkaa, soraa, mursketta ym.<\/td>\n<td>0400-966 584<\/td>\n<\/tr>\n<tr>\n<td>Puusep\u00e4nliike Ari Piispanen<\/td>\n<td>Puusepp\u00e4, puutuotteiden valmistus<\/td>\n<td>05-61 341, pslapiispanen(at)hotmail piste com<\/td>\n<\/tr>\n<tr>\n<td><\/td>\n<td><\/td>\n<td><\/td>\n<\/tr>\n<tr>\n<td>Rauno Collin<\/td>\n<td>Kaivinkoneurakointi<\/td>\n<td>040-733 6877<\/td>\n<\/tr>\n<tr>\n<td>Saarij\u00e4rven lokapalvelu Oy<\/td>\n<td>Kaivojen tyhjennys, viem\u00e4rien avaukset, vaihtolavojen siirrot<\/td>\n<td>0400-150 300, <a href=\"http:\/\/www.lokapalvelu.fi\/\">kotisivu<\/a><\/td>\n<\/tr>\n<tr>\n<td><\/td>\n<td><\/td>\n<td><\/td>\n<\/tr>\n<tr>\n<td>Seppo Ahonen<\/td>\n<td>Kirvesmies<\/td>\n<td>040-510 8092<\/td>\n<\/tr>\n<tr>\n<td>Seppo M\u00e4kinen<\/td>\n<td>Haketus<\/td>\n<td>040-531 9059<\/td>\n<\/tr>\n<tr>\n<td>Sis\u00e4-suomen hinauspalvelu<\/td>\n<td>Tielle nostot ja vedot, veneen siirtovarustus, kuljetuskapasiteetti kolme autoa, 24h p\u00e4ivystys<\/td>\n<td>0400-180 111, <a href=\"http:\/\/www.24hinaus.fi\/\">kotisivu<\/a><\/td>\n<\/tr>\n<tr>\n<td>T:mi Jukan Mets\u00e4tieto Jukka Iso-Ahola<\/td>\n<td>Mets\u00e4neuvontaa<\/td>\n<td>0400-967 731<\/td>\n<\/tr>\n<tr>\n<td><\/td>\n<td><\/td>\n<td><\/td>\n<\/tr>\n<tr>\n<td>Tapio Autio<\/td>\n<td>Koneurakointi, viljankuivaus<\/td>\n<td>040-703 7056<\/td>\n<\/tr>\n<tr>\n<td><\/td>\n<td><\/td>\n<td><\/td>\n<\/tr>\n<tr>\n<td>Tikalan Oy Jouni Tikka<\/td>\n<td>Tikalan-lannoitteet<\/td>\n<td>0400-545 811, Kalmarintie 160, <a href=\"http:\/\/www.tikalan.fi\/\">kotisivu<\/a><\/td>\n<\/tr>\n<tr>\n<td>Tilkkuty\u00f6paja Pirkko Pirttinen<\/td>\n<td>Kasviv\u00e4rj\u00e4ttyj\u00e4 lankoja ja neuleita, tilkkut\u00f6it\u00e4<\/td>\n<td>050-567 2344<\/td>\n<\/tr>\n<tr>\n<td>Attendo Kalmari<\/td>\n<td>Ymp\u00e4rivuotista palveluasumista ik\u00e4ihmisille<\/td>\n<td><a href=\"https:\/\/www.attendo.fi\/yksikot\/attendo-kalmari\/\">kotisivu<\/a><\/td>\n<\/tr>\n<\/tbody>\n<\/table>\n<p>Puuttuuko yrityksesi t\u00e4st\u00e4 listasta tai onko esim. toimialasi ja puhelinnumerosi muuttunut? Kerro siit\u00e4 meille: <a href=\"mailto:yllapito@kalmarinkyla.net\">yllapito@kalmarinkyla.net<\/a><\/p>\n","protected":false},"excerpt":{"rendered":"<p>Millaista on asua Kalmarissa?  <br \/>\nTutustu kyl\u00e4n palveluihin! <\/p>\n","protected":false},"author":1,"featured_media":679,"parent":0,"menu_order":0,"comment_status":"closed","ping_status":"closed","template":"","meta":{"jetpack_post_was_ever_published":false,"footnotes":""},"class_list":["post-398","page","type-page","status-publish","has-post-thumbnail","hentry"],"jetpack_sharing_enabled":true,"jetpack_shortlink":"https:\/\/wp.me\/P8BHJU-6q","jetpack-related-posts":[],"_links":{"self":[{"href":"https:\/\/www.kalmarinkyla.net\/index.php?rest_route=\/wp\/v2\/pages\/398","targetHints":{"allow":["GET"]}}],"collection":[{"href":"https:\/\/www.kalmarinkyla.net\/index.php?rest_route=\/wp\/v2\/pages"}],"about":[{"href":"https:\/\/www.kalmarinkyla.net\/index.php?rest_route=\/wp\/v2\/types\/page"}],"author":[{"embeddable":true,"href":"https:\/\/www.kalmarinkyla.net\/index.php?rest_route=\/wp\/v2\/users\/1"}],"replies":[{"embeddable":true,"href":"https:\/\/www.kalmarinkyla.net\/index.php?rest_route=%2Fwp%2Fv2%2Fcomments&post=398"}],"version-history":[{"count":17,"href":"https:\/\/www.kalmarinkyla.net\/index.php?rest_route=\/wp\/v2\/pages\/398\/revisions"}],"predecessor-version":[{"id":1685,"href":"https:\/\/www.kalmarinkyla.net\/index.php?rest_route=\/wp\/v2\/pages\/398\/revisions\/1685"}],"wp:featuredmedia":[{"embeddable":true,"href":"https:\/\/www.kalmarinkyla.net\/index.php?rest_route=\/wp\/v2\/media\/679"}],"wp:attachment":[{"href":"https:\/\/www.kalmarinkyla.net\/index.php?rest_route=%2Fwp%2Fv2%2Fmedia&parent=398"}],"curies":[{"name":"wp","href":"https:\/\/api.w.org\/{rel}","templated":true}]}}