{"id":406,"date":"2017-03-14T15:27:15","date_gmt":"2017-03-14T13:27:15","guid":{"rendered":"http:\/\/www.kalmarinkyla.net\/wp\/?page_id=406"},"modified":"2025-07-01T15:22:49","modified_gmt":"2025-07-01T12:22:49","slug":"vanhustenhoito","status":"publish","type":"page","link":"https:\/\/www.kalmarinkyla.net\/?page_id=406","title":{"rendered":"Vanhustenhoito ja -asuminen"},"content":{"rendered":"<div id=\"fb-root\"><\/div>\n<div id=\"teksti\">\n<p>Kalmarin Vanhustentalo tarjoaa vuokra-asuntoja vanhuksille osoitteessa Kalmarintie 111, 43270 Kalmari. Lis\u00e4tietoja saa Sinikka Valkolalta numerosta 050-306 2156.<\/p>\n<p>Taloyhti\u00f6ss\u00e4 on sauna, pesutupa, pesukone, ulkoiluv\u00e4linevarasto sek\u00e4 11 kpl 1h+kk 32 m2, 1 kpl 1 h+kk 33 m2 (erityisesti liikuntaesteiselle suunniteltu) ja 3 kpl 2h+kk 44,5 m2.<\/p>\n<p>Etusijalla ovat vanhukset, mutta kyseeseen tulevat my\u00f6s muut asunnontarvitsijat.<\/p>\n<\/div>\n<div id=\"teksti\">\n<\/div>\n<p><span style=\"border-radius: 2px; text-indent: 20px; width: auto; padding: 0px 4px 0px 0px; text-align: center; font: bold 11px\/20px 'Helvetica Neue',Helvetica,sans-serif; color: #ffffff; background: #bd081c no-repeat scroll 3px 50% \/ 14px 14px; position: absolute; opacity: 1; z-index: 8675309; display: none; cursor: pointer;\">Tallenna<\/span><\/p>\n<p><span style=\"border-radius: 2px; text-indent: 20px; width: auto; padding: 0px 4px 0px 0px; text-align: center; font: bold 11px\/20px 'Helvetica Neue',Helvetica,sans-serif; color: #ffffff; background: #bd081c no-repeat scroll 3px 50% \/ 14px 14px; position: absolute; opacity: 1; z-index: 8675309; display: none; cursor: pointer;\">Tallenna<\/span><\/p>\n","protected":false},"excerpt":{"rendered":"<p>Kalmarin Vanhustentalo tarjoaa vuokra-asuntoja vanhuksille osoitteessa Kalmarintie 111, 43270 Kalmari. Lis\u00e4tietoja saa Sinikka Valkolalta numerosta 050-306 2156. Taloyhti\u00f6ss\u00e4 on sauna, pesutupa, pesukone, ulkoiluv\u00e4linevarasto sek\u00e4 11 kpl 1h+kk 32 m2, 1 kpl 1 h+kk 33 m2 (erityisesti liikuntaesteiselle suunniteltu) ja 3&hellip; <\/p>\n","protected":false},"author":1,"featured_media":0,"parent":398,"menu_order":0,"comment_status":"closed","ping_status":"closed","template":"","meta":{"jetpack_post_was_ever_published":false,"footnotes":""},"class_list":["post-406","page","type-page","status-publish","hentry"],"jetpack_sharing_enabled":true,"jetpack_shortlink":"https:\/\/wp.me\/P8BHJU-6y","jetpack-related-posts":[],"_links":{"self":[{"href":"https:\/\/www.kalmarinkyla.net\/index.php?rest_route=\/wp\/v2\/pages\/406","targetHints":{"allow":["GET"]}}],"collection":[{"href":"https:\/\/www.kalmarinkyla.net\/index.php?rest_route=\/wp\/v2\/pages"}],"about":[{"href":"https:\/\/www.kalmarinkyla.net\/index.php?rest_route=\/wp\/v2\/types\/page"}],"author":[{"embeddable":true,"href":"https:\/\/www.kalmarinkyla.net\/index.php?rest_route=\/wp\/v2\/users\/1"}],"replies":[{"embeddable":true,"href":"https:\/\/www.kalmarinkyla.net\/index.php?rest_route=%2Fwp%2Fv2%2Fcomments&post=406"}],"version-history":[{"count":8,"href":"https:\/\/www.kalmarinkyla.net\/index.php?rest_route=\/wp\/v2\/pages\/406\/revisions"}],"predecessor-version":[{"id":1864,"href":"https:\/\/www.kalmarinkyla.net\/index.php?rest_route=\/wp\/v2\/pages\/406\/revisions\/1864"}],"up":[{"embeddable":true,"href":"https:\/\/www.kalmarinkyla.net\/index.php?rest_route=\/wp\/v2\/pages\/398"}],"wp:attachment":[{"href":"https:\/\/www.kalmarinkyla.net\/index.php?rest_route=%2Fwp%2Fv2%2Fmedia&parent=406"}],"curies":[{"name":"wp","href":"https:\/\/api.w.org\/{rel}","templated":true}]}}