{"id":411,"date":"2017-03-14T15:29:06","date_gmt":"2017-03-14T13:29:06","guid":{"rendered":"http:\/\/www.kalmarinkyla.net\/wp\/?page_id=411"},"modified":"2021-01-12T22:08:36","modified_gmt":"2021-01-12T20:08:36","slug":"yhdistykset","status":"publish","type":"page","link":"https:\/\/www.kalmarinkyla.net\/?page_id=411","title":{"rendered":"Yhdistykset"},"content":{"rendered":"<div id=\"fb-root\"><\/div>\n<h2>Kalmarin kyl\u00e4n yhdistykset<\/h2>\n<table>\n<tbody>\n<tr>\n<th>Kyl\u00e4 ja Urheiluseura Kalmarin Nahjus ry<\/th>\n<td><\/td>\n<td><\/td>\n<\/tr>\n<tr>\n<td>Eerola Iida<\/td>\n<td>puheenjohtaja<\/td>\n<td>040-529 5242<\/td>\n<\/tr>\n<tr>\n<td>Iso-Ahola Riikka<\/td>\n<td>sihteeri<\/td>\n<td>050-434 8420<\/td>\n<\/tr>\n<tr>\n<th>Kalmarin Maamiesseura<\/th>\n<td><\/td>\n<td><\/td>\n<\/tr>\n<tr>\n<td>Toni Haapakoski<\/td>\n<td>puheenjohtaja<\/td>\n<td>040-521 8019<\/td>\n<\/tr>\n<tr>\n<td>Juha Korkeam\u00e4ki<\/td>\n<td>sihteeri<\/td>\n<td>0400-869 721<\/td>\n<\/tr>\n<tr>\n<th>Kalmarin Maatalousnaiset<\/th>\n<td><\/td>\n<td><\/td>\n<\/tr>\n<tr>\n<td>Sirpa Riihim\u00e4ki<\/td>\n<td>puheenjohtaja<\/td>\n<td>040-535 5472<\/td>\n<\/tr>\n<tr>\n<td>Tuula Hetem\u00e4ki<\/td>\n<td>sihteeri<\/td>\n<td>040-838 1878<\/td>\n<\/tr>\n<tr>\n<th><\/th>\n<td><\/td>\n<td><\/td>\n<\/tr>\n<tr>\n<td><\/td>\n<td><\/td>\n<td><\/td>\n<\/tr>\n<tr>\n<th>Kalmarin Riistamiehet<\/th>\n<td><\/td>\n<td><\/td>\n<\/tr>\n<tr>\n<td>Seppo Ahonen<\/td>\n<td>puheenjohtaja<\/td>\n<td>040-510 8092<\/td>\n<\/tr>\n<tr>\n<td>Pekka Tamminen<\/td>\n<td>sihteeri<\/td>\n<td>040-506 8537<\/td>\n<\/tr>\n<tr>\n<th>Kalmarin-Heijostenm\u00e4en osakaskunta<\/th>\n<td><\/td>\n<td><a href=\"http:\/\/www.paajarvenkalastusalue.fi\/paajarvi\/ok\/kalmari-heijostenmaki\/\">kotisivu<\/a><\/td>\n<\/tr>\n<tr>\n<td>Mikko Eerola<\/td>\n<td>puheenjohtaja<\/td>\n<td>0503864208<\/td>\n<\/tr>\n<tr>\n<th>LC Saarij\u00e4rvi-Kalmari<\/th>\n<td><\/td>\n<td><a href=\"http:\/\/kalmarinlubi.suntuubi.com\/\">kotisivu<\/a><\/td>\n<\/tr>\n<tr>\n<td>Pasi Kalmari<\/td>\n<td>presidentti<\/td>\n<td><\/td>\n<\/tr>\n<tr>\n<td>Eero Hetem\u00e4ki<\/td>\n<td>sihteeri<\/td>\n<td>040-54 31726<\/td>\n<\/tr>\n<tr>\n<th>Kalmarin Hirvimiehet ry<\/th>\n<td><\/td>\n<td><\/td>\n<\/tr>\n<tr>\n<td>Timo Pirttiniemi<\/td>\n<td><\/td>\n<td>040 631 0437<\/td>\n<\/tr>\n<tr>\n<th><\/th>\n<td><\/td>\n<td><\/td>\n<\/tr>\n<tr>\n<th><\/th>\n<td><\/td>\n<td><\/td>\n<\/tr>\n<tr>\n<th>Kalmarin Vanhaintuki r.y.<\/th>\n<td><\/td>\n<td><\/td>\n<\/tr>\n<tr>\n<td>Sinikka Valkola<\/td>\n<td>sihteeri<\/td>\n<td>050-306 2156<\/td>\n<\/tr>\n<tr>\n<th>L\u00e4nsi-Kalmarin Er\u00e4<\/th>\n<td><\/td>\n<td><\/td>\n<\/tr>\n<tr>\n<td>P\u00e4ivi\u00f6 Ikonen<\/td>\n<td>yhteyshenkil\u00f6<\/td>\n<td>050-564 5644<\/td>\n<\/tr>\n<tr>\n<th>Tuhmalammin Er\u00e4<\/th>\n<td><\/td>\n<td><\/td>\n<\/tr>\n<tr>\n<td>Timo Pekkanen<\/td>\n<td>yhteyshenkil\u00f6<\/td>\n<td>0400-173 895<\/td>\n<\/tr>\n<\/tbody>\n<\/table>\n<p>Puuttuuko t\u00e4st\u00e4 listasta joku Kalmarissa toimiva yhdistys tai seura tai ovatko tiedot muuttuneet? Kerro siit\u00e4 meille: <a href=\"mailto:yllapito@kalmarinkyla.net\">yllapito@kalmarinkyla.net<\/a><\/p>\n","protected":false},"excerpt":{"rendered":"<p>Kalmarin kyl\u00e4n yhdistykset Kyl\u00e4 ja Urheiluseura Kalmarin Nahjus ry Eerola Iida puheenjohtaja 040-529 5242 Iso-Ahola Riikka sihteeri 050-434 8420 Kalmarin Maamiesseura Toni Haapakoski puheenjohtaja 040-521 8019 Juha Korkeam\u00e4ki sihteeri 0400-869 721 Kalmarin Maatalousnaiset Sirpa Riihim\u00e4ki puheenjohtaja 040-535 5472 Tuula Hetem\u00e4ki&hellip; <\/p>\n","protected":false},"author":1,"featured_media":0,"parent":398,"menu_order":0,"comment_status":"closed","ping_status":"closed","template":"","meta":{"jetpack_post_was_ever_published":false,"footnotes":""},"class_list":["post-411","page","type-page","status-publish","hentry"],"jetpack_sharing_enabled":true,"jetpack_shortlink":"https:\/\/wp.me\/P8BHJU-6D","jetpack-related-posts":[],"_links":{"self":[{"href":"https:\/\/www.kalmarinkyla.net\/index.php?rest_route=\/wp\/v2\/pages\/411","targetHints":{"allow":["GET"]}}],"collection":[{"href":"https:\/\/www.kalmarinkyla.net\/index.php?rest_route=\/wp\/v2\/pages"}],"about":[{"href":"https:\/\/www.kalmarinkyla.net\/index.php?rest_route=\/wp\/v2\/types\/page"}],"author":[{"embeddable":true,"href":"https:\/\/www.kalmarinkyla.net\/index.php?rest_route=\/wp\/v2\/users\/1"}],"replies":[{"embeddable":true,"href":"https:\/\/www.kalmarinkyla.net\/index.php?rest_route=%2Fwp%2Fv2%2Fcomments&post=411"}],"version-history":[{"count":6,"href":"https:\/\/www.kalmarinkyla.net\/index.php?rest_route=\/wp\/v2\/pages\/411\/revisions"}],"predecessor-version":[{"id":1535,"href":"https:\/\/www.kalmarinkyla.net\/index.php?rest_route=\/wp\/v2\/pages\/411\/revisions\/1535"}],"up":[{"embeddable":true,"href":"https:\/\/www.kalmarinkyla.net\/index.php?rest_route=\/wp\/v2\/pages\/398"}],"wp:attachment":[{"href":"https:\/\/www.kalmarinkyla.net\/index.php?rest_route=%2Fwp%2Fv2%2Fmedia&parent=411"}],"curies":[{"name":"wp","href":"https:\/\/api.w.org\/{rel}","templated":true}]}}