{"id":413,"date":"2017-03-14T15:32:08","date_gmt":"2017-03-14T13:32:08","guid":{"rendered":"http:\/\/www.kalmarinkyla.net\/wp\/?page_id=413"},"modified":"2017-07-31T14:09:38","modified_gmt":"2017-07-31T11:09:38","slug":"makasiini","status":"publish","type":"page","link":"https:\/\/www.kalmarinkyla.net\/?page_id=413","title":{"rendered":"Makasiini museo"},"content":{"rendered":"<div id=\"fb-root\"><\/div>\n<div id=\"teksti\">\n<p><a href=\"https:\/\/i0.wp.com\/www.kalmarinkyla.net\/wp-content\/uploads\/2017\/03\/mms_johto.jpg\"><img data-recalc-dims=\"1\" loading=\"lazy\" decoding=\"async\" data-attachment-id=\"69\" data-permalink=\"https:\/\/www.kalmarinkyla.net\/?attachment_id=69\" data-orig-file=\"https:\/\/i0.wp.com\/www.kalmarinkyla.net\/wp\/wp-content\/uploads\/2017\/03\/mms_johto.jpg?fit=250%2C188&amp;ssl=1\" data-orig-size=\"250,188\" data-comments-opened=\"1\" data-image-meta=\"{&quot;aperture&quot;:&quot;0&quot;,&quot;credit&quot;:&quot;&quot;,&quot;camera&quot;:&quot;&quot;,&quot;caption&quot;:&quot;&quot;,&quot;created_timestamp&quot;:&quot;0&quot;,&quot;copyright&quot;:&quot;&quot;,&quot;focal_length&quot;:&quot;0&quot;,&quot;iso&quot;:&quot;0&quot;,&quot;shutter_speed&quot;:&quot;0&quot;,&quot;title&quot;:&quot;&quot;,&quot;orientation&quot;:&quot;0&quot;}\" data-image-title=\"mms_johto\" data-image-description=\"\" data-image-caption=\"\" data-large-file=\"https:\/\/i0.wp.com\/www.kalmarinkyla.net\/wp\/wp-content\/uploads\/2017\/03\/mms_johto.jpg?fit=250%2C188&amp;ssl=1\" class=\"alignleft wp-image-69 size-full\" src=\"https:\/\/i0.wp.com\/www.kalmarinkyla.net\/wp\/wp-content\/uploads\/2017\/03\/mms_johto.jpg?resize=250%2C188\" alt=\"\" width=\"250\" height=\"188\" \/><\/a>Henkil\u00f6kuvassa silloinen Mms:n johtokunta ja k\u00e4yt\u00e4nn\u00f6ss\u00e4 t\u00e4m\u00e4 oli melkein sama porukka, joka urakan toteutti. Muista ahkerista talkoolaisista mainittakoon Eero Hiironen, jonka idea koko museohanke oli, sek\u00e4 Hannu Pirttiniemi, Mauri L\u00f6nnblad, Pentti Riihim\u00e4ki ja Veikko Valkola.<\/p>\n<p>Yl\u00e4riviss\u00e4 vasemmalta: Timo Penttil\u00e4, Tapio Tikka, Ari Pirttiniemi ja Erkki Valkola.<br \/>\nAlariviss\u00e4 vasemmalta: Heikki Hiironen, Juha Korkeam\u00e4ki, Eero Hetem\u00e4ki ja Toni Haapakoski.<\/p>\n<\/div>\n<div id=\"kuva1\"><\/div>\n<div id=\"kuva1\"><img data-recalc-dims=\"1\" loading=\"lazy\" decoding=\"async\" data-attachment-id=\"63\" data-permalink=\"https:\/\/www.kalmarinkyla.net\/?attachment_id=63\" data-orig-file=\"https:\/\/i0.wp.com\/www.kalmarinkyla.net\/wp\/wp-content\/uploads\/2017\/03\/makasiini1.jpg?fit=250%2C188&amp;ssl=1\" data-orig-size=\"250,188\" data-comments-opened=\"1\" data-image-meta=\"{&quot;aperture&quot;:&quot;0&quot;,&quot;credit&quot;:&quot;&quot;,&quot;camera&quot;:&quot;&quot;,&quot;caption&quot;:&quot;&quot;,&quot;created_timestamp&quot;:&quot;0&quot;,&quot;copyright&quot;:&quot;&quot;,&quot;focal_length&quot;:&quot;0&quot;,&quot;iso&quot;:&quot;0&quot;,&quot;shutter_speed&quot;:&quot;0&quot;,&quot;title&quot;:&quot;&quot;,&quot;orientation&quot;:&quot;0&quot;}\" data-image-title=\"makasiini1\" data-image-description=\"\" data-image-caption=\"\" data-large-file=\"https:\/\/i0.wp.com\/www.kalmarinkyla.net\/wp\/wp-content\/uploads\/2017\/03\/makasiini1.jpg?fit=250%2C188&amp;ssl=1\" class=\"alignleft size-full wp-image-63\" src=\"https:\/\/i0.wp.com\/www.kalmarinkyla.net\/wp\/wp-content\/uploads\/2017\/03\/makasiini1.jpg?resize=250%2C188\" alt=\"\" width=\"250\" height=\"188\" \/><\/div>\n<div id=\"teksti\">\n<p>Museohanke on toteutettu Viisarin hankkeena ja siihen on saatu my\u00f6s EU:n ja Saarij\u00e4rven kaupungin rahoitustukea.<\/p>\n<\/div>\n<div id=\"teksti\">\n<p>T\u00e4m\u00e4 rakennus on vanha viljamakasiini, jossa ennen vanhaan oli kyl\u00e4n viljasiemenen ja leip\u00e4viljan jonkinlainen varmuusvarasto.<\/p>\n<p>Nykyisin rakennuksessa on laaja ker\u00e4ilykokoelma vanhanajan maatalouden k\u00e4ytt\u00f6esineit\u00e4, -tavaroita ja koneita.<\/p>\n<p>Makasiini sijaitsee L\u00e4nnentiell\u00e4, noin 2,6 km 13-tielt\u00e4 Pylk\u00f6nm\u00e4en suuntaan. Lis\u00e4tietoja ja tutustumisk\u00e4yntej\u00e4 voi tiedustella Erkki Valkolalta p. 040 596 3428.<\/p>\n<\/div>\n<div id=\"maps\"><iframe loading=\"lazy\" src=\"https:\/\/www.google.com\/maps\/embed?pb=!1m22!1m12!1m3!1d29168.4292358053!2d24.989519866980864!3d62.81147688097133!2m3!1f0!2f0!3f0!3m2!1i1024!2i768!4f13.1!4m7!1i0!3e6!4m0!4m3!3m2!1d62.802212999999995!2d24.992995!5e0!3m2!1sfi!2sfi!4v1409557650011\" width=\"650\" height=\"500\" frameborder=\"0\" data-mce-fragment=\"1\"><\/iframe><\/div>\n<p><span style=\"border-radius: 2px; text-indent: 20px; width: auto; padding: 0px 4px 0px 0px; text-align: center; font: bold 11px\/20px 'Helvetica Neue',Helvetica,sans-serif; color: #ffffff; background: #bd081c no-repeat scroll 3px 50% \/ 14px 14px; position: absolute; opacity: 1; z-index: 8675309; display: none; cursor: pointer;\">Tallenna<\/span><\/p>\n","protected":false},"excerpt":{"rendered":"<p>Henkil\u00f6kuvassa silloinen Mms:n johtokunta ja k\u00e4yt\u00e4nn\u00f6ss\u00e4 t\u00e4m\u00e4 oli melkein sama porukka, joka urakan toteutti. Muista ahkerista talkoolaisista mainittakoon Eero Hiironen, jonka idea koko museohanke oli, sek\u00e4 Hannu Pirttiniemi, Mauri L\u00f6nnblad, Pentti Riihim\u00e4ki ja Veikko Valkola. Yl\u00e4riviss\u00e4 vasemmalta: Timo Penttil\u00e4, Tapio&hellip; <\/p>\n","protected":false},"author":1,"featured_media":0,"parent":428,"menu_order":0,"comment_status":"closed","ping_status":"closed","template":"","meta":{"jetpack_post_was_ever_published":false,"footnotes":""},"class_list":["post-413","page","type-page","status-publish","hentry"],"jetpack_sharing_enabled":true,"jetpack_shortlink":"https:\/\/wp.me\/P8BHJU-6F","jetpack-related-posts":[],"_links":{"self":[{"href":"https:\/\/www.kalmarinkyla.net\/index.php?rest_route=\/wp\/v2\/pages\/413","targetHints":{"allow":["GET"]}}],"collection":[{"href":"https:\/\/www.kalmarinkyla.net\/index.php?rest_route=\/wp\/v2\/pages"}],"about":[{"href":"https:\/\/www.kalmarinkyla.net\/index.php?rest_route=\/wp\/v2\/types\/page"}],"author":[{"embeddable":true,"href":"https:\/\/www.kalmarinkyla.net\/index.php?rest_route=\/wp\/v2\/users\/1"}],"replies":[{"embeddable":true,"href":"https:\/\/www.kalmarinkyla.net\/index.php?rest_route=%2Fwp%2Fv2%2Fcomments&post=413"}],"version-history":[{"count":4,"href":"https:\/\/www.kalmarinkyla.net\/index.php?rest_route=\/wp\/v2\/pages\/413\/revisions"}],"predecessor-version":[{"id":1222,"href":"https:\/\/www.kalmarinkyla.net\/index.php?rest_route=\/wp\/v2\/pages\/413\/revisions\/1222"}],"up":[{"embeddable":true,"href":"https:\/\/www.kalmarinkyla.net\/index.php?rest_route=\/wp\/v2\/pages\/428"}],"wp:attachment":[{"href":"https:\/\/www.kalmarinkyla.net\/index.php?rest_route=%2Fwp%2Fv2%2Fmedia&parent=413"}],"curies":[{"name":"wp","href":"https:\/\/api.w.org\/{rel}","templated":true}]}}