{"id":428,"date":"2017-03-14T15:34:38","date_gmt":"2017-03-14T13:34:38","guid":{"rendered":"http:\/\/www.kalmarinkyla.net\/wp\/?page_id=428"},"modified":"2017-09-16T11:24:43","modified_gmt":"2017-09-16T08:24:43","slug":"harrastusmahdollisuudet","status":"publish","type":"page","link":"https:\/\/www.kalmarinkyla.net\/?page_id=428","title":{"rendered":"Vapaa-aika"},"content":{"rendered":"<div id=\"fb-root\"><\/div>\n<p>Kalmarin kyl\u00e4\u00e4 ymp\u00e4r\u00f6iv\u00e4 kaunis ja puhdas luonto, monet j\u00e4rvet ja kosket sek\u00e4 Nahjuksen kyl\u00e4talo tarjoavat upeat harrastusmahdollisuudet.<\/p>\n<h6>[wpb_childpages]<\/h6>\n<p>&nbsp;<\/p>\n<p>&nbsp;<\/p>\n","protected":false},"excerpt":{"rendered":"<p>Kalmarin kyl\u00e4\u00e4 ymp\u00e4r\u00f6iv\u00e4 kaunis ja puhdas luonto, monet j\u00e4rvet ja kosket sek\u00e4 Nahjuksen kyl\u00e4talo tarjoavat upeat harrastusmahdollisuudet. [wpb_childpages] &nbsp; &nbsp;<\/p>\n","protected":false},"author":1,"featured_media":672,"parent":0,"menu_order":0,"comment_status":"closed","ping_status":"closed","template":"","meta":{"jetpack_post_was_ever_published":false,"footnotes":""},"class_list":["post-428","page","type-page","status-publish","has-post-thumbnail","hentry"],"jetpack_sharing_enabled":true,"jetpack_shortlink":"https:\/\/wp.me\/P8BHJU-6U","jetpack-related-posts":[],"_links":{"self":[{"href":"https:\/\/www.kalmarinkyla.net\/index.php?rest_route=\/wp\/v2\/pages\/428","targetHints":{"allow":["GET"]}}],"collection":[{"href":"https:\/\/www.kalmarinkyla.net\/index.php?rest_route=\/wp\/v2\/pages"}],"about":[{"href":"https:\/\/www.kalmarinkyla.net\/index.php?rest_route=\/wp\/v2\/types\/page"}],"author":[{"embeddable":true,"href":"https:\/\/www.kalmarinkyla.net\/index.php?rest_route=\/wp\/v2\/users\/1"}],"replies":[{"embeddable":true,"href":"https:\/\/www.kalmarinkyla.net\/index.php?rest_route=%2Fwp%2Fv2%2Fcomments&post=428"}],"version-history":[{"count":8,"href":"https:\/\/www.kalmarinkyla.net\/index.php?rest_route=\/wp\/v2\/pages\/428\/revisions"}],"predecessor-version":[{"id":1278,"href":"https:\/\/www.kalmarinkyla.net\/index.php?rest_route=\/wp\/v2\/pages\/428\/revisions\/1278"}],"wp:featuredmedia":[{"embeddable":true,"href":"https:\/\/www.kalmarinkyla.net\/index.php?rest_route=\/wp\/v2\/media\/672"}],"wp:attachment":[{"href":"https:\/\/www.kalmarinkyla.net\/index.php?rest_route=%2Fwp%2Fv2%2Fmedia&parent=428"}],"curies":[{"name":"wp","href":"https:\/\/api.w.org\/{rel}","templated":true}]}}