{"id":590,"date":"2017-03-30T22:36:08","date_gmt":"2017-03-30T19:36:08","guid":{"rendered":"http:\/\/www.kalmarinkyla.net\/wp\/?page_id=590"},"modified":"2017-07-31T14:07:55","modified_gmt":"2017-07-31T11:07:55","slug":"leikkikentta","status":"publish","type":"page","link":"https:\/\/www.kalmarinkyla.net\/?page_id=590","title":{"rendered":"Leikkikentt\u00e4"},"content":{"rendered":"<div id=\"fb-root\"><\/div>\n<p>Nahjuksen kyl\u00e4talon yhteydess\u00e4 on my\u00f6s lasten leikkikentt\u00e4. Leikkikentt\u00e4 on vapaasti k\u00e4ytett\u00e4viss\u00e4.<\/p>\n<p><a href=\"https:\/\/i0.wp.com\/www.kalmarinkyla.net\/wp-content\/uploads\/2017\/03\/Leikkikentt%C3%A4-2014_1.jpg\"><img data-recalc-dims=\"1\" loading=\"lazy\" decoding=\"async\" data-attachment-id=\"591\" data-permalink=\"https:\/\/www.kalmarinkyla.net\/?attachment_id=591\" data-orig-file=\"https:\/\/i0.wp.com\/www.kalmarinkyla.net\/wp\/wp-content\/uploads\/2017\/03\/Leikkikentt%C3%A4-2014_1.jpg?fit=1267%2C950&amp;ssl=1\" data-orig-size=\"1267,950\" data-comments-opened=\"1\" data-image-meta=\"{&quot;aperture&quot;:&quot;0&quot;,&quot;credit&quot;:&quot;&quot;,&quot;camera&quot;:&quot;&quot;,&quot;caption&quot;:&quot;&quot;,&quot;created_timestamp&quot;:&quot;0&quot;,&quot;copyright&quot;:&quot;&quot;,&quot;focal_length&quot;:&quot;0&quot;,&quot;iso&quot;:&quot;0&quot;,&quot;shutter_speed&quot;:&quot;0&quot;,&quot;title&quot;:&quot;&quot;,&quot;orientation&quot;:&quot;0&quot;}\" data-image-title=\"Leikkikentt\u00e4 2014_1\" data-image-description=\"\" data-image-caption=\"\" data-large-file=\"https:\/\/i0.wp.com\/www.kalmarinkyla.net\/wp\/wp-content\/uploads\/2017\/03\/Leikkikentt%C3%A4-2014_1.jpg?fit=700%2C525&amp;ssl=1\" class=\"alignnone size-full wp-image-591\" src=\"https:\/\/i0.wp.com\/www.kalmarinkyla.net\/wp-content\/uploads\/2017\/03\/Leikkikentt%C3%A4-2014_1.jpg?resize=700%2C525\" alt=\"\" width=\"700\" height=\"525\" srcset=\"https:\/\/i0.wp.com\/www.kalmarinkyla.net\/wp\/wp-content\/uploads\/2017\/03\/Leikkikentt%C3%A4-2014_1.jpg?w=1267&amp;ssl=1 1267w, https:\/\/i0.wp.com\/www.kalmarinkyla.net\/wp\/wp-content\/uploads\/2017\/03\/Leikkikentt%C3%A4-2014_1.jpg?resize=300%2C225&amp;ssl=1 300w, https:\/\/i0.wp.com\/www.kalmarinkyla.net\/wp\/wp-content\/uploads\/2017\/03\/Leikkikentt%C3%A4-2014_1.jpg?resize=768%2C576&amp;ssl=1 768w, https:\/\/i0.wp.com\/www.kalmarinkyla.net\/wp\/wp-content\/uploads\/2017\/03\/Leikkikentt%C3%A4-2014_1.jpg?resize=1024%2C768&amp;ssl=1 1024w\" sizes=\"auto, (max-width: 700px) 100vw, 700px\" \/><\/a>\u00a0 <a href=\"https:\/\/i0.wp.com\/www.kalmarinkyla.net\/wp-content\/uploads\/2017\/03\/Leikkikentt%C3%A4_3.jpg\"><img data-recalc-dims=\"1\" loading=\"lazy\" decoding=\"async\" data-attachment-id=\"593\" data-permalink=\"https:\/\/www.kalmarinkyla.net\/?attachment_id=593\" data-orig-file=\"https:\/\/i0.wp.com\/www.kalmarinkyla.net\/wp\/wp-content\/uploads\/2017\/03\/Leikkikentt%C3%A4_3.jpg?fit=1602%2C901&amp;ssl=1\" data-orig-size=\"1602,901\" data-comments-opened=\"1\" data-image-meta=\"{&quot;aperture&quot;:&quot;0&quot;,&quot;credit&quot;:&quot;&quot;,&quot;camera&quot;:&quot;&quot;,&quot;caption&quot;:&quot;&quot;,&quot;created_timestamp&quot;:&quot;0&quot;,&quot;copyright&quot;:&quot;&quot;,&quot;focal_length&quot;:&quot;0&quot;,&quot;iso&quot;:&quot;0&quot;,&quot;shutter_speed&quot;:&quot;0&quot;,&quot;title&quot;:&quot;&quot;,&quot;orientation&quot;:&quot;0&quot;}\" data-image-title=\"Leikkikentt\u00e4_3\" data-image-description=\"\" data-image-caption=\"\" data-large-file=\"https:\/\/i0.wp.com\/www.kalmarinkyla.net\/wp\/wp-content\/uploads\/2017\/03\/Leikkikentt%C3%A4_3.jpg?fit=700%2C394&amp;ssl=1\" class=\"alignnone size-full wp-image-593\" src=\"https:\/\/i0.wp.com\/www.kalmarinkyla.net\/wp-content\/uploads\/2017\/03\/Leikkikentt%C3%A4_3.jpg?resize=700%2C394\" alt=\"\" width=\"700\" height=\"394\" srcset=\"https:\/\/i0.wp.com\/www.kalmarinkyla.net\/wp\/wp-content\/uploads\/2017\/03\/Leikkikentt%C3%A4_3.jpg?w=1602&amp;ssl=1 1602w, https:\/\/i0.wp.com\/www.kalmarinkyla.net\/wp\/wp-content\/uploads\/2017\/03\/Leikkikentt%C3%A4_3.jpg?resize=300%2C169&amp;ssl=1 300w, https:\/\/i0.wp.com\/www.kalmarinkyla.net\/wp\/wp-content\/uploads\/2017\/03\/Leikkikentt%C3%A4_3.jpg?resize=768%2C432&amp;ssl=1 768w, https:\/\/i0.wp.com\/www.kalmarinkyla.net\/wp\/wp-content\/uploads\/2017\/03\/Leikkikentt%C3%A4_3.jpg?resize=1024%2C576&amp;ssl=1 1024w, https:\/\/i0.wp.com\/www.kalmarinkyla.net\/wp\/wp-content\/uploads\/2017\/03\/Leikkikentt%C3%A4_3.jpg?w=1400&amp;ssl=1 1400w\" sizes=\"auto, (max-width: 700px) 100vw, 700px\" \/><\/a><\/p>\n<p><a href=\"https:\/\/i0.wp.com\/www.kalmarinkyla.net\/wp-content\/uploads\/2017\/03\/Leikkikentt%C3%A4_4.jpg\"><img data-recalc-dims=\"1\" loading=\"lazy\" decoding=\"async\" data-attachment-id=\"594\" data-permalink=\"https:\/\/www.kalmarinkyla.net\/?attachment_id=594\" data-orig-file=\"https:\/\/i0.wp.com\/www.kalmarinkyla.net\/wp\/wp-content\/uploads\/2017\/03\/Leikkikentt%C3%A4_4.jpg?fit=1689%2C950&amp;ssl=1\" data-orig-size=\"1689,950\" data-comments-opened=\"1\" data-image-meta=\"{&quot;aperture&quot;:&quot;0&quot;,&quot;credit&quot;:&quot;&quot;,&quot;camera&quot;:&quot;&quot;,&quot;caption&quot;:&quot;&quot;,&quot;created_timestamp&quot;:&quot;0&quot;,&quot;copyright&quot;:&quot;&quot;,&quot;focal_length&quot;:&quot;0&quot;,&quot;iso&quot;:&quot;0&quot;,&quot;shutter_speed&quot;:&quot;0&quot;,&quot;title&quot;:&quot;&quot;,&quot;orientation&quot;:&quot;0&quot;}\" data-image-title=\"Leikkikentt\u00e4_4\" data-image-description=\"\" data-image-caption=\"\" data-large-file=\"https:\/\/i0.wp.com\/www.kalmarinkyla.net\/wp\/wp-content\/uploads\/2017\/03\/Leikkikentt%C3%A4_4.jpg?fit=700%2C394&amp;ssl=1\" class=\"alignnone size-full wp-image-594\" src=\"https:\/\/i0.wp.com\/www.kalmarinkyla.net\/wp-content\/uploads\/2017\/03\/Leikkikentt%C3%A4_4.jpg?resize=700%2C394\" alt=\"\" width=\"700\" height=\"394\" srcset=\"https:\/\/i0.wp.com\/www.kalmarinkyla.net\/wp\/wp-content\/uploads\/2017\/03\/Leikkikentt%C3%A4_4.jpg?w=1689&amp;ssl=1 1689w, https:\/\/i0.wp.com\/www.kalmarinkyla.net\/wp\/wp-content\/uploads\/2017\/03\/Leikkikentt%C3%A4_4.jpg?resize=300%2C169&amp;ssl=1 300w, https:\/\/i0.wp.com\/www.kalmarinkyla.net\/wp\/wp-content\/uploads\/2017\/03\/Leikkikentt%C3%A4_4.jpg?resize=768%2C432&amp;ssl=1 768w, https:\/\/i0.wp.com\/www.kalmarinkyla.net\/wp\/wp-content\/uploads\/2017\/03\/Leikkikentt%C3%A4_4.jpg?resize=1024%2C576&amp;ssl=1 1024w, https:\/\/i0.wp.com\/www.kalmarinkyla.net\/wp\/wp-content\/uploads\/2017\/03\/Leikkikentt%C3%A4_4.jpg?w=1400&amp;ssl=1 1400w\" sizes=\"auto, (max-width: 700px) 100vw, 700px\" \/><\/a><\/p>\n<p><a href=\"https:\/\/i0.wp.com\/www.kalmarinkyla.net\/wp-content\/uploads\/2017\/03\/Leikkikentt%C3%A4_5.jpg\"><img data-recalc-dims=\"1\" loading=\"lazy\" decoding=\"async\" data-attachment-id=\"595\" data-permalink=\"https:\/\/www.kalmarinkyla.net\/?attachment_id=595\" data-orig-file=\"https:\/\/i0.wp.com\/www.kalmarinkyla.net\/wp\/wp-content\/uploads\/2017\/03\/Leikkikentt%C3%A4_5.jpg?fit=1602%2C901&amp;ssl=1\" data-orig-size=\"1602,901\" data-comments-opened=\"1\" data-image-meta=\"{&quot;aperture&quot;:&quot;0&quot;,&quot;credit&quot;:&quot;&quot;,&quot;camera&quot;:&quot;&quot;,&quot;caption&quot;:&quot;&quot;,&quot;created_timestamp&quot;:&quot;0&quot;,&quot;copyright&quot;:&quot;&quot;,&quot;focal_length&quot;:&quot;0&quot;,&quot;iso&quot;:&quot;0&quot;,&quot;shutter_speed&quot;:&quot;0&quot;,&quot;title&quot;:&quot;&quot;,&quot;orientation&quot;:&quot;0&quot;}\" data-image-title=\"Leikkikentt\u00e4_5\" data-image-description=\"\" data-image-caption=\"\" data-large-file=\"https:\/\/i0.wp.com\/www.kalmarinkyla.net\/wp\/wp-content\/uploads\/2017\/03\/Leikkikentt%C3%A4_5.jpg?fit=700%2C394&amp;ssl=1\" class=\"alignnone size-full wp-image-595\" src=\"https:\/\/i0.wp.com\/www.kalmarinkyla.net\/wp-content\/uploads\/2017\/03\/Leikkikentt%C3%A4_5.jpg?resize=700%2C394\" alt=\"\" width=\"700\" height=\"394\" srcset=\"https:\/\/i0.wp.com\/www.kalmarinkyla.net\/wp\/wp-content\/uploads\/2017\/03\/Leikkikentt%C3%A4_5.jpg?w=1602&amp;ssl=1 1602w, https:\/\/i0.wp.com\/www.kalmarinkyla.net\/wp\/wp-content\/uploads\/2017\/03\/Leikkikentt%C3%A4_5.jpg?resize=300%2C169&amp;ssl=1 300w, https:\/\/i0.wp.com\/www.kalmarinkyla.net\/wp\/wp-content\/uploads\/2017\/03\/Leikkikentt%C3%A4_5.jpg?resize=768%2C432&amp;ssl=1 768w, https:\/\/i0.wp.com\/www.kalmarinkyla.net\/wp\/wp-content\/uploads\/2017\/03\/Leikkikentt%C3%A4_5.jpg?resize=1024%2C576&amp;ssl=1 1024w, https:\/\/i0.wp.com\/www.kalmarinkyla.net\/wp\/wp-content\/uploads\/2017\/03\/Leikkikentt%C3%A4_5.jpg?w=1400&amp;ssl=1 1400w\" sizes=\"auto, (max-width: 700px) 100vw, 700px\" \/><\/a><\/p>\n","protected":false},"excerpt":{"rendered":"<p>Nahjuksen kyl\u00e4talon yhteydess\u00e4 on my\u00f6s lasten leikkikentt\u00e4. Leikkikentt\u00e4 on vapaasti k\u00e4ytett\u00e4viss\u00e4. \u00a0<\/p>\n","protected":false},"author":1,"featured_media":0,"parent":428,"menu_order":0,"comment_status":"closed","ping_status":"closed","template":"","meta":{"jetpack_post_was_ever_published":false,"footnotes":""},"class_list":["post-590","page","type-page","status-publish","hentry"],"jetpack_sharing_enabled":true,"jetpack_shortlink":"https:\/\/wp.me\/P8BHJU-9w","jetpack-related-posts":[],"_links":{"self":[{"href":"https:\/\/www.kalmarinkyla.net\/index.php?rest_route=\/wp\/v2\/pages\/590","targetHints":{"allow":["GET"]}}],"collection":[{"href":"https:\/\/www.kalmarinkyla.net\/index.php?rest_route=\/wp\/v2\/pages"}],"about":[{"href":"https:\/\/www.kalmarinkyla.net\/index.php?rest_route=\/wp\/v2\/types\/page"}],"author":[{"embeddable":true,"href":"https:\/\/www.kalmarinkyla.net\/index.php?rest_route=\/wp\/v2\/users\/1"}],"replies":[{"embeddable":true,"href":"https:\/\/www.kalmarinkyla.net\/index.php?rest_route=%2Fwp%2Fv2%2Fcomments&post=590"}],"version-history":[{"count":2,"href":"https:\/\/www.kalmarinkyla.net\/index.php?rest_route=\/wp\/v2\/pages\/590\/revisions"}],"predecessor-version":[{"id":1230,"href":"https:\/\/www.kalmarinkyla.net\/index.php?rest_route=\/wp\/v2\/pages\/590\/revisions\/1230"}],"up":[{"embeddable":true,"href":"https:\/\/www.kalmarinkyla.net\/index.php?rest_route=\/wp\/v2\/pages\/428"}],"wp:attachment":[{"href":"https:\/\/www.kalmarinkyla.net\/index.php?rest_route=%2Fwp%2Fv2%2Fmedia&parent=590"}],"curies":[{"name":"wp","href":"https:\/\/api.w.org\/{rel}","templated":true}]}}