{"id":819,"date":"2017-04-26T22:01:28","date_gmt":"2017-04-26T19:01:28","guid":{"rendered":"http:\/\/www.kalmarinkyla.net\/wp\/?page_id=819"},"modified":"2017-04-26T22:01:28","modified_gmt":"2017-04-26T19:01:28","slug":"yleinen-uimaranta","status":"publish","type":"page","link":"https:\/\/www.kalmarinkyla.net\/?page_id=819","title":{"rendered":"Yleinen uimaranta"},"content":{"rendered":"<div id=\"fb-root\"><\/div>\n<p>Valkeisen rannalta, Ruokolahdentien varrella on yleisess\u00e4 k\u00e4yt\u00f6ss\u00e4 oleva uimaranta. Rannalle p\u00e4\u00e4see &#8221;ajamalla mutkan suoraksi&#8221; pienehk\u00f6n peltoaukean j\u00e4lkeen.<\/p>\n<p><a href=\"https:\/\/www.google.fi\/maps\/place\/Ruokolahdentie+44,+43270+Saarij%C3%A4rvi\/@62.8147177,25.045019,15.5z\/data=!4m5!3m4!1s0x4685cd765f30e7a5:0x74e93155549afa8!8m2!3d62.8172681!4d25.056065\">Sijainti kartalla (google maps)<\/a><\/p>\n","protected":false},"excerpt":{"rendered":"<p>Valkeisen rannalta, Ruokolahdentien varrella on yleisess\u00e4 k\u00e4yt\u00f6ss\u00e4 oleva uimaranta. Rannalle p\u00e4\u00e4see &#8221;ajamalla mutkan suoraksi&#8221; pienehk\u00f6n peltoaukean j\u00e4lkeen. Sijainti kartalla (google maps)<\/p>\n","protected":false},"author":4,"featured_media":0,"parent":428,"menu_order":0,"comment_status":"closed","ping_status":"closed","template":"","meta":{"jetpack_post_was_ever_published":false,"footnotes":""},"class_list":["post-819","page","type-page","status-publish","hentry"],"jetpack_sharing_enabled":true,"jetpack_shortlink":"https:\/\/wp.me\/P8BHJU-dd","jetpack-related-posts":[],"_links":{"self":[{"href":"https:\/\/www.kalmarinkyla.net\/index.php?rest_route=\/wp\/v2\/pages\/819","targetHints":{"allow":["GET"]}}],"collection":[{"href":"https:\/\/www.kalmarinkyla.net\/index.php?rest_route=\/wp\/v2\/pages"}],"about":[{"href":"https:\/\/www.kalmarinkyla.net\/index.php?rest_route=\/wp\/v2\/types\/page"}],"author":[{"embeddable":true,"href":"https:\/\/www.kalmarinkyla.net\/index.php?rest_route=\/wp\/v2\/users\/4"}],"replies":[{"embeddable":true,"href":"https:\/\/www.kalmarinkyla.net\/index.php?rest_route=%2Fwp%2Fv2%2Fcomments&post=819"}],"version-history":[{"count":1,"href":"https:\/\/www.kalmarinkyla.net\/index.php?rest_route=\/wp\/v2\/pages\/819\/revisions"}],"predecessor-version":[{"id":820,"href":"https:\/\/www.kalmarinkyla.net\/index.php?rest_route=\/wp\/v2\/pages\/819\/revisions\/820"}],"up":[{"embeddable":true,"href":"https:\/\/www.kalmarinkyla.net\/index.php?rest_route=\/wp\/v2\/pages\/428"}],"wp:attachment":[{"href":"https:\/\/www.kalmarinkyla.net\/index.php?rest_route=%2Fwp%2Fv2%2Fmedia&parent=819"}],"curies":[{"name":"wp","href":"https:\/\/api.w.org\/{rel}","templated":true}]}}